{"id":964,"date":"2023-05-15T11:43:26","date_gmt":"2023-05-15T11:43:26","guid":{"rendered":"https:\/\/silkluxury.ee\/?post_type=product&#038;p=964"},"modified":"2024-06-19T07:25:28","modified_gmt":"2024-06-19T07:25:28","slug":"naturaalsest-siidist-tekikott-oo","status":"publish","type":"product","link":"https:\/\/silkluxury.ee\/en\/toode\/naturaalsest-siidist-tekikott-oo\/","title":{"rendered":"Naturaalsest siidist tekikott &#8211; \u00d6\u00f6"},"content":{"rendered":"<p>Naturaalsest siidist voodipesu on t\u00f5eliselt luksuslik. 100% Mulberry silk 22mm on v\u00e4ga vastupidav ja kvaliteetne materjal, mis on nahas\u00f5bralik ja eriti hea tundliku nahaga inimestele.<\/p>\n<p>Tekikott 150x200cm<\/p>\n","protected":false},"excerpt":{"rendered":"<p>100% Mulberry Silk paksus 22mm<\/p>\n","protected":false},"featured_media":408,"template":"","meta":{"_acf_changed":false,"rank_math_lock_modified_date":false,"inline_featured_image":false},"product_cat":[43],"product_tag":[37,44],"class_list":{"0":"post-964","1":"product","2":"type-product","3":"status-publish","4":"has-post-thumbnail","6":"product_cat-voodipesu-komplektid-en","7":"product_tag-naturaalsest-siidist-padjapuur-en","8":"product_tag-naturaalsest-siidist-voodipesu-komplekt-en","10":"first","11":"outofstock","12":"shipping-taxable","13":"purchasable","14":"product-type-simple"},"acf":[],"_links":{"self":[{"href":"https:\/\/silkluxury.ee\/en\/wp-json\/wp\/v2\/product\/964","targetHints":{"allow":["GET"]}}],"collection":[{"href":"https:\/\/silkluxury.ee\/en\/wp-json\/wp\/v2\/product"}],"about":[{"href":"https:\/\/silkluxury.ee\/en\/wp-json\/wp\/v2\/types\/product"}],"wp:featuredmedia":[{"embeddable":true,"href":"https:\/\/silkluxury.ee\/en\/wp-json\/wp\/v2\/media\/408"}],"wp:attachment":[{"href":"https:\/\/silkluxury.ee\/en\/wp-json\/wp\/v2\/media?parent=964"}],"wp:term":[{"taxonomy":"product_cat","embeddable":true,"href":"https:\/\/silkluxury.ee\/en\/wp-json\/wp\/v2\/product_cat?post=964"},{"taxonomy":"product_tag","embeddable":true,"href":"https:\/\/silkluxury.ee\/en\/wp-json\/wp\/v2\/product_tag?post=964"}],"curies":[{"name":"wp","href":"https:\/\/api.w.org\/{rel}","templated":true}]}}