{"id":914,"date":"2023-05-03T15:02:20","date_gmt":"2023-05-03T15:02:20","guid":{"rendered":"https:\/\/silkluxury.ee\/?post_type=product&#038;p=914"},"modified":"2026-03-07T15:52:35","modified_gmt":"2026-03-07T15:52:35","slug":"naturaalsest-siidist-ookleit-oo","status":"publish","type":"product","link":"https:\/\/silkluxury.ee\/en\/toode\/naturaalsest-siidist-ookleit-oo\/","title":{"rendered":"Naturaalsest siidist \u00f6\u00f6kleit &#8211; \u00d6\u00f6"},"content":{"rendered":"<p>Tegemist on 100% naturaalse siidiga, mille paksus on 22 mommi. Suurusel L on rinna\u00fcmberm\u00f5\u00f5t 101cm ja M suurusel on rinna\u00fcmberm\u00f5\u00f5t 95cm.<\/p>\n","protected":false},"excerpt":{"rendered":"<p>100% Mulberry Silk<\/p>\n","protected":false},"featured_media":916,"template":"","meta":{"_acf_changed":false,"rank_math_lock_modified_date":false,"inline_featured_image":false},"product_cat":[41],"product_tag":[37],"class_list":{"0":"post-914","1":"product","2":"type-product","3":"status-publish","4":"has-post-thumbnail","6":"product_cat-oopesu-en","7":"product_tag-naturaalsest-siidist-padjapuur-en","9":"first","10":"instock","11":"shipping-taxable","12":"purchasable","13":"product-type-variable"},"acf":[],"_links":{"self":[{"href":"https:\/\/silkluxury.ee\/en\/wp-json\/wp\/v2\/product\/914","targetHints":{"allow":["GET"]}}],"collection":[{"href":"https:\/\/silkluxury.ee\/en\/wp-json\/wp\/v2\/product"}],"about":[{"href":"https:\/\/silkluxury.ee\/en\/wp-json\/wp\/v2\/types\/product"}],"wp:featuredmedia":[{"embeddable":true,"href":"https:\/\/silkluxury.ee\/en\/wp-json\/wp\/v2\/media\/916"}],"wp:attachment":[{"href":"https:\/\/silkluxury.ee\/en\/wp-json\/wp\/v2\/media?parent=914"}],"wp:term":[{"taxonomy":"product_cat","embeddable":true,"href":"https:\/\/silkluxury.ee\/en\/wp-json\/wp\/v2\/product_cat?post=914"},{"taxonomy":"product_tag","embeddable":true,"href":"https:\/\/silkluxury.ee\/en\/wp-json\/wp\/v2\/product_tag?post=914"}],"curies":[{"name":"wp","href":"https:\/\/api.w.org\/{rel}","templated":true}]}}