{"id":733,"date":"2022-11-29T06:49:53","date_gmt":"2022-11-29T06:49:53","guid":{"rendered":"https:\/\/silkluxury.ee\/?post_type=product&#038;p=733"},"modified":"2023-09-23T17:53:05","modified_gmt":"2023-09-23T17:53:05","slug":"naturaalsest-siidist-kotike","status":"publish","type":"product","link":"https:\/\/silkluxury.ee\/en\/toode\/naturaalsest-siidist-kotike\/","title":{"rendered":"\u00dcks Kotike"},"content":{"rendered":"<p>\u00dcks Kotike on eritellimus toode. Me oleme paika pannud, et vooder on meie 100% naturaalne siid ja v\u00e4line materjal on villane. Lukk ja tassel on kas must v\u00f5i valge.<\/p>\n<p><strong>Kosmeetikakoti m\u00f5\u00f5tmed:<\/strong><\/p>\n<ul>\n<li>Laius: 15 cm<\/li>\n<li>K\u00f5rgus: 10 cm<\/li>\n<li>P\u00f5hja laius: 6 cm<\/li>\n<\/ul>\n<p>K\u00f5ik muu on personaalne ja loominguline \ud83d\ude42 Kirjuta meile oma unistuste Kotikesest. Milline v\u00f5iks olla tikand ja mis toonis v\u00f5iks olla sinu Kotike.<\/p>\n<p>&nbsp;<\/p>\n","protected":false},"excerpt":{"rendered":"<p>100% Mulberry Silk<\/p>\n","protected":false},"featured_media":1038,"template":"","meta":{"_acf_changed":false,"rank_math_lock_modified_date":false,"inline_featured_image":false},"product_cat":[34],"product_tag":[37],"class_list":{"0":"post-733","1":"product","2":"type-product","3":"status-publish","4":"has-post-thumbnail","6":"product_cat-kingitused","7":"product_tag-naturaalsest-siidist-padjapuur-en","9":"first","10":"onbackorder","11":"shipping-taxable","12":"purchasable","13":"product-type-simple"},"acf":[],"_links":{"self":[{"href":"https:\/\/silkluxury.ee\/en\/wp-json\/wp\/v2\/product\/733","targetHints":{"allow":["GET"]}}],"collection":[{"href":"https:\/\/silkluxury.ee\/en\/wp-json\/wp\/v2\/product"}],"about":[{"href":"https:\/\/silkluxury.ee\/en\/wp-json\/wp\/v2\/types\/product"}],"wp:featuredmedia":[{"embeddable":true,"href":"https:\/\/silkluxury.ee\/en\/wp-json\/wp\/v2\/media\/1038"}],"wp:attachment":[{"href":"https:\/\/silkluxury.ee\/en\/wp-json\/wp\/v2\/media?parent=733"}],"wp:term":[{"taxonomy":"product_cat","embeddable":true,"href":"https:\/\/silkluxury.ee\/en\/wp-json\/wp\/v2\/product_cat?post=733"},{"taxonomy":"product_tag","embeddable":true,"href":"https:\/\/silkluxury.ee\/en\/wp-json\/wp\/v2\/product_tag?post=733"}],"curies":[{"name":"wp","href":"https:\/\/api.w.org\/{rel}","templated":true}]}}