{"id":517,"date":"2022-10-12T13:15:28","date_gmt":"2022-10-12T13:15:28","guid":{"rendered":"https:\/\/silkluxury.ee\/?post_type=product&#038;p=517"},"modified":"2024-12-10T11:51:10","modified_gmt":"2024-12-10T11:51:10","slug":"naturaalsest-siidist-voodipesukomplekt-hobe","status":"publish","type":"product","link":"https:\/\/silkluxury.ee\/en\/toode\/naturaalsest-siidist-voodipesukomplekt-hobe\/","title":{"rendered":"Naturaalsest siidist voodipesukomplekt &#8211; H\u00f5be"},"content":{"rendered":"<p>Naturaalsest siidist voodipesu on t\u00f5eliselt luksuslik. 100% Mulberry silk 22mm on v\u00e4ga vastupidav ja kvaliteetne materjal, mis on nahas\u00f5bralik ja eriti hea tundliku nahaga inimestele. Komplekti kuulub :<\/p>\n<p>Kummiga aluslina 180x200x20cm<\/p>\n<p>Tekikott 220x200cm<\/p>\n<p>2 padjap\u00fc\u00fcri 50x60cm<\/p>\n<p>&nbsp;<\/p>\n<p>V\u00f5imalusel pakume ka teisi suuruseid &#8211; kirjuta ja k\u00fcsi infot silkluxury@silkluxury.ee<\/p>\n","protected":false},"excerpt":{"rendered":"<p>100% Mulberry Silk paksus 22mm<\/p>\n","protected":false},"featured_media":418,"template":"","meta":{"_acf_changed":false,"rank_math_lock_modified_date":false,"inline_featured_image":false},"product_cat":[43],"product_tag":[37,44],"class_list":{"0":"post-517","1":"product","2":"type-product","3":"status-publish","4":"has-post-thumbnail","6":"product_cat-voodipesu-komplektid-en","7":"product_tag-naturaalsest-siidist-padjapuur-en","8":"product_tag-naturaalsest-siidist-voodipesu-komplekt-en","10":"first","11":"instock","12":"shipping-taxable","13":"purchasable","14":"product-type-simple"},"acf":[],"_links":{"self":[{"href":"https:\/\/silkluxury.ee\/en\/wp-json\/wp\/v2\/product\/517","targetHints":{"allow":["GET"]}}],"collection":[{"href":"https:\/\/silkluxury.ee\/en\/wp-json\/wp\/v2\/product"}],"about":[{"href":"https:\/\/silkluxury.ee\/en\/wp-json\/wp\/v2\/types\/product"}],"wp:featuredmedia":[{"embeddable":true,"href":"https:\/\/silkluxury.ee\/en\/wp-json\/wp\/v2\/media\/418"}],"wp:attachment":[{"href":"https:\/\/silkluxury.ee\/en\/wp-json\/wp\/v2\/media?parent=517"}],"wp:term":[{"taxonomy":"product_cat","embeddable":true,"href":"https:\/\/silkluxury.ee\/en\/wp-json\/wp\/v2\/product_cat?post=517"},{"taxonomy":"product_tag","embeddable":true,"href":"https:\/\/silkluxury.ee\/en\/wp-json\/wp\/v2\/product_tag?post=517"}],"curies":[{"name":"wp","href":"https:\/\/api.w.org\/{rel}","templated":true}]}}