{"id":493,"date":"2022-10-04T09:47:06","date_gmt":"2022-10-04T09:47:06","guid":{"rendered":"https:\/\/silkluxury.ee\/?post_type=product&#038;p=493"},"modified":"2026-04-14T06:08:58","modified_gmt":"2026-04-14T06:08:58","slug":"naturaalsest-siidist-padjapuur-loodusvalge","status":"publish","type":"product","link":"https:\/\/silkluxury.ee\/en\/toode\/naturaalsest-siidist-padjapuur-loodusvalge\/","title":{"rendered":"Naturaalsest siidist padjap\u00fc\u00fcr \u2013 Loodusvalge"},"content":{"rendered":"<p>Naturaalsest siidist padjap\u00fc\u00fcr viib su ilurituaalid uuele tasemele. Ei padjan\u00e4ole \/ Ei kortsudele \/ Ei sassis ja katkenud juustele. Lisaks on naturaalsest siidist padjap\u00fc\u00fcr antiallergiline ja sobib eriti h\u00e4sti tundliku nahaga inimestele ja beebidele. Padjap\u00fc\u00fcr on m\u00f5\u00f5dus 50x60cm ja 50x70cm , peidetud lukuga ja v\u00e4rvus on Loodusvalge.<\/p>\n","protected":false},"excerpt":{"rendered":"<p>100% Mulberry Silk \u2013 Iluune padjap\u00fc\u00fcr<\/p>\n","protected":false},"featured_media":330,"template":"","meta":{"_acf_changed":false,"rank_math_lock_modified_date":false,"inline_featured_image":false},"product_cat":[35,38],"product_tag":[37],"class_list":{"0":"post-493","1":"product","2":"type-product","3":"status-publish","4":"has-post-thumbnail","6":"product_cat-joulud-en","7":"product_cat-padjapuurid-en","8":"product_tag-naturaalsest-siidist-padjapuur-en","10":"first","11":"instock","12":"sale","13":"shipping-taxable","14":"purchasable","15":"product-type-variable"},"acf":[],"_links":{"self":[{"href":"https:\/\/silkluxury.ee\/en\/wp-json\/wp\/v2\/product\/493","targetHints":{"allow":["GET"]}}],"collection":[{"href":"https:\/\/silkluxury.ee\/en\/wp-json\/wp\/v2\/product"}],"about":[{"href":"https:\/\/silkluxury.ee\/en\/wp-json\/wp\/v2\/types\/product"}],"wp:featuredmedia":[{"embeddable":true,"href":"https:\/\/silkluxury.ee\/en\/wp-json\/wp\/v2\/media\/330"}],"wp:attachment":[{"href":"https:\/\/silkluxury.ee\/en\/wp-json\/wp\/v2\/media?parent=493"}],"wp:term":[{"taxonomy":"product_cat","embeddable":true,"href":"https:\/\/silkluxury.ee\/en\/wp-json\/wp\/v2\/product_cat?post=493"},{"taxonomy":"product_tag","embeddable":true,"href":"https:\/\/silkluxury.ee\/en\/wp-json\/wp\/v2\/product_tag?post=493"}],"curies":[{"name":"wp","href":"https:\/\/api.w.org\/{rel}","templated":true}]}}