{"id":374,"date":"2022-09-15T16:11:37","date_gmt":"2022-09-15T16:11:37","guid":{"rendered":"https:\/\/silkluxury.ee\/toode\/naturaalsest-siidist-oopesukomplekt-oo\/"},"modified":"2022-09-15T16:11:37","modified_gmt":"2022-09-15T16:11:37","slug":"naturaalsest-siidist-oopesukomplekt-oo","status":"publish","type":"product","link":"https:\/\/silkluxury.ee\/en\/toode\/naturaalsest-siidist-oopesukomplekt-oo\/","title":{"rendered":"Naturaalsest siidist \u00f6\u00f6pesu komplekt &#8211; \u00d6\u00f6"},"content":{"rendered":"<p>Komplekt koosneb s\u00e4rgist ja p\u00fckstest. Tegemist on 100% naturaalse siidiga, mille paksus on 19mommi. Suurus on L &#8211; mis aga sobib nii 36 kui ka 40 suurust kandvatele naistele.<\/p>\n","protected":false},"excerpt":{"rendered":"<p>100% Mulberry Silk<\/p>\n","protected":false},"featured_media":230,"template":"","meta":{"_acf_changed":false,"rank_math_lock_modified_date":false,"inline_featured_image":false},"product_cat":[35,41],"product_tag":[37],"class_list":{"0":"post-374","1":"product","2":"type-product","3":"status-publish","4":"has-post-thumbnail","6":"product_cat-joulud-en","7":"product_cat-oopesu-en","8":"product_tag-naturaalsest-siidist-padjapuur-en","10":"first","11":"instock","12":"shipping-taxable","13":"purchasable","14":"product-type-simple"},"acf":[],"_links":{"self":[{"href":"https:\/\/silkluxury.ee\/en\/wp-json\/wp\/v2\/product\/374","targetHints":{"allow":["GET"]}}],"collection":[{"href":"https:\/\/silkluxury.ee\/en\/wp-json\/wp\/v2\/product"}],"about":[{"href":"https:\/\/silkluxury.ee\/en\/wp-json\/wp\/v2\/types\/product"}],"wp:featuredmedia":[{"embeddable":true,"href":"https:\/\/silkluxury.ee\/en\/wp-json\/wp\/v2\/media\/230"}],"wp:attachment":[{"href":"https:\/\/silkluxury.ee\/en\/wp-json\/wp\/v2\/media?parent=374"}],"wp:term":[{"taxonomy":"product_cat","embeddable":true,"href":"https:\/\/silkluxury.ee\/en\/wp-json\/wp\/v2\/product_cat?post=374"},{"taxonomy":"product_tag","embeddable":true,"href":"https:\/\/silkluxury.ee\/en\/wp-json\/wp\/v2\/product_tag?post=374"}],"curies":[{"name":"wp","href":"https:\/\/api.w.org\/{rel}","templated":true}]}}