{"id":371,"date":"2022-09-15T16:37:55","date_gmt":"2022-09-15T16:37:55","guid":{"rendered":"https:\/\/silkluxury.ee\/toode\/naturaalsest-siidist-lipsugapatsikumm-champagne\/"},"modified":"2024-05-07T18:46:43","modified_gmt":"2024-05-07T18:46:43","slug":"naturaalsest-siidist-lipsugapatsikumm-champagne","status":"publish","type":"product","link":"https:\/\/silkluxury.ee\/en\/toode\/naturaalsest-siidist-lipsugapatsikumm-champagne\/","title":{"rendered":"Naturaalsest siidist patsikummid &#8211; Champagne"},"content":{"rendered":"<p>Naturaalsest siidist patsikumm on juustele \u00f5rn ja v\u00e4hendab nende katkemist, mis on p\u00f5hjustatud h\u00f5\u00f5rdumisest. Lisaks on tegemist moodsa ja v\u00e4ga ilusa aksessuaariga.<br \/>\nMeie patsikummid on pakitud satiinist kotikesse, millega on mugav neid igale poole kaasa v\u00f5tta.<\/p>\n<p>Palume p\u00f6\u00f6rata t\u00e4helepanu sellele, et piltidel olevad toonid v\u00f5ivad erineda reaalsetest toonidest tulenevalt ekraanide erinevusest. Samuti v\u00f5ib olla kergeid toonierinevusi erineva partii kangastel.<\/p>\n","protected":false},"excerpt":{"rendered":"<p>100% Mulberry Silk<\/p>\n","protected":false},"featured_media":240,"template":"","meta":{"_acf_changed":false,"rank_math_lock_modified_date":false,"inline_featured_image":false},"product_cat":[36,35,46],"product_tag":[37],"class_list":{"0":"post-371","1":"product","2":"type-product","3":"status-publish","4":"has-post-thumbnail","6":"product_cat-aksessuaarid-en","7":"product_cat-joulud-en","8":"product_cat-siidist-patsikummid-en","9":"product_tag-naturaalsest-siidist-padjapuur-en","11":"first","12":"outofstock","13":"shipping-taxable","14":"purchasable","15":"product-type-variable","16":"has-default-attributes"},"acf":[],"_links":{"self":[{"href":"https:\/\/silkluxury.ee\/en\/wp-json\/wp\/v2\/product\/371","targetHints":{"allow":["GET"]}}],"collection":[{"href":"https:\/\/silkluxury.ee\/en\/wp-json\/wp\/v2\/product"}],"about":[{"href":"https:\/\/silkluxury.ee\/en\/wp-json\/wp\/v2\/types\/product"}],"wp:featuredmedia":[{"embeddable":true,"href":"https:\/\/silkluxury.ee\/en\/wp-json\/wp\/v2\/media\/240"}],"wp:attachment":[{"href":"https:\/\/silkluxury.ee\/en\/wp-json\/wp\/v2\/media?parent=371"}],"wp:term":[{"taxonomy":"product_cat","embeddable":true,"href":"https:\/\/silkluxury.ee\/en\/wp-json\/wp\/v2\/product_cat?post=371"},{"taxonomy":"product_tag","embeddable":true,"href":"https:\/\/silkluxury.ee\/en\/wp-json\/wp\/v2\/product_tag?post=371"}],"curies":[{"name":"wp","href":"https:\/\/api.w.org\/{rel}","templated":true}]}}