{"id":2136,"date":"2025-09-12T18:06:06","date_gmt":"2025-09-12T18:06:06","guid":{"rendered":"https:\/\/silkluxury.ee\/?post_type=product&#038;p=2136"},"modified":"2025-09-12T18:12:28","modified_gmt":"2025-09-12T18:12:28","slug":"naturaalsest-siidist-tekokott-loodusvalge","status":"publish","type":"product","link":"https:\/\/silkluxury.ee\/en\/toode\/naturaalsest-siidist-tekokott-loodusvalge\/","title":{"rendered":"Naturaalsest siidist tekikott &#8211; Loodusvalge"},"content":{"rendered":"<p>Naturaalsest siidist voodipesu on t\u00f5eliselt luksuslik. 100% Mulberry silk 22mm on v\u00e4ga vastupidav ja kvaliteetne materjal, mis on nahas\u00f5bralik ja eriti hea tundliku nahaga inimestele.<\/p>\n<p>Tekikott 240x220cm<\/p>\n<p>Juurde on v\u00f5imalik tellida 180x200x20cm kummiga lina ja padjap\u00fc\u00fcre 50x60cm v\u00f5i 50x70cm.<\/p>\n<p>&nbsp;<\/p>\n<p>&nbsp;<\/p>\n<p>&nbsp;<\/p>\n","protected":false},"excerpt":{"rendered":"<p>100% Mulberry Silk paksus 22mm<\/p>\n","protected":false},"featured_media":480,"template":"","meta":{"_acf_changed":false,"rank_math_lock_modified_date":false,"inline_featured_image":false},"product_cat":[43],"product_tag":[37,44],"class_list":{"0":"post-2136","1":"product","2":"type-product","3":"status-publish","4":"has-post-thumbnail","6":"product_cat-voodipesu-komplektid-en","7":"product_tag-naturaalsest-siidist-padjapuur-en","8":"product_tag-naturaalsest-siidist-voodipesu-komplekt-en","10":"first","11":"instock","12":"shipping-taxable","13":"purchasable","14":"product-type-simple"},"acf":[],"_links":{"self":[{"href":"https:\/\/silkluxury.ee\/en\/wp-json\/wp\/v2\/product\/2136","targetHints":{"allow":["GET"]}}],"collection":[{"href":"https:\/\/silkluxury.ee\/en\/wp-json\/wp\/v2\/product"}],"about":[{"href":"https:\/\/silkluxury.ee\/en\/wp-json\/wp\/v2\/types\/product"}],"wp:featuredmedia":[{"embeddable":true,"href":"https:\/\/silkluxury.ee\/en\/wp-json\/wp\/v2\/media\/480"}],"wp:attachment":[{"href":"https:\/\/silkluxury.ee\/en\/wp-json\/wp\/v2\/media?parent=2136"}],"wp:term":[{"taxonomy":"product_cat","embeddable":true,"href":"https:\/\/silkluxury.ee\/en\/wp-json\/wp\/v2\/product_cat?post=2136"},{"taxonomy":"product_tag","embeddable":true,"href":"https:\/\/silkluxury.ee\/en\/wp-json\/wp\/v2\/product_tag?post=2136"}],"curies":[{"name":"wp","href":"https:\/\/api.w.org\/{rel}","templated":true}]}}