{"id":1122,"date":"2023-12-07T11:23:40","date_gmt":"2023-12-07T11:23:40","guid":{"rendered":"https:\/\/silkluxury.ee\/?post_type=product&#038;p=1122"},"modified":"2024-04-02T12:33:51","modified_gmt":"2024-04-02T12:33:51","slug":"naturaalsest-siidist-padjapuur-puuderroosa","status":"publish","type":"product","link":"https:\/\/silkluxury.ee\/en\/toode\/naturaalsest-siidist-padjapuur-puuderroosa\/","title":{"rendered":"Naturaalsest siidist padjap\u00fc\u00fcr \u2013 Puuderroosa"},"content":{"rendered":"<p>Naturaalsest siidist padjap\u00fc\u00fcr viib su ilurituaalid uuele tasemele. Ei padjan\u00e4ole \/ Ei kortsudele \/ Ei sassis ja katkenud juustele. Lisaks on naturaalsest siidist padjap\u00fc\u00fcr antiallergiline ja sobib eriti h\u00e4sti tundliku nahaga inimestele ja beebidele. Padjap\u00fc\u00fcr on m\u00f5\u00f5dus 50x60cm 50x70cm, peidetud lukuga ja v\u00e4rvus on helebeez Padjap\u00fc\u00fcr on pakitud kinkekarpi.<\/p>\n<p>Palume p\u00f6\u00f6rata t\u00e4helepanu sellele, et piltidel olevad toonid v\u00f5ivad erineda reaalsetest toonidest tulenevalt ekraanide erinevusest. Samuti v\u00f5ib olla kergeid toonierinevusi erineva partii kangastel.<\/p>\n","protected":false},"excerpt":{"rendered":"<p>100% Mulberry Silk \u2013 Iluune padjap\u00fc\u00fcr<\/p>\n","protected":false},"featured_media":1128,"template":"","meta":{"_acf_changed":false,"rank_math_lock_modified_date":false,"inline_featured_image":false},"product_cat":[38],"product_tag":[37],"class_list":{"0":"post-1122","1":"product","2":"type-product","3":"status-publish","4":"has-post-thumbnail","6":"product_cat-padjapuurid-en","7":"product_tag-naturaalsest-siidist-padjapuur-en","9":"first","10":"outofstock","11":"sale","12":"shipping-taxable","13":"purchasable","14":"product-type-variable"},"acf":[],"_links":{"self":[{"href":"https:\/\/silkluxury.ee\/en\/wp-json\/wp\/v2\/product\/1122","targetHints":{"allow":["GET"]}}],"collection":[{"href":"https:\/\/silkluxury.ee\/en\/wp-json\/wp\/v2\/product"}],"about":[{"href":"https:\/\/silkluxury.ee\/en\/wp-json\/wp\/v2\/types\/product"}],"wp:featuredmedia":[{"embeddable":true,"href":"https:\/\/silkluxury.ee\/en\/wp-json\/wp\/v2\/media\/1128"}],"wp:attachment":[{"href":"https:\/\/silkluxury.ee\/en\/wp-json\/wp\/v2\/media?parent=1122"}],"wp:term":[{"taxonomy":"product_cat","embeddable":true,"href":"https:\/\/silkluxury.ee\/en\/wp-json\/wp\/v2\/product_cat?post=1122"},{"taxonomy":"product_tag","embeddable":true,"href":"https:\/\/silkluxury.ee\/en\/wp-json\/wp\/v2\/product_tag?post=1122"}],"curies":[{"name":"wp","href":"https:\/\/api.w.org\/{rel}","templated":true}]}}