{"id":1091,"date":"2023-11-30T08:34:28","date_gmt":"2023-11-30T08:34:28","guid":{"rendered":"https:\/\/silkluxury.ee\/?post_type=product&#038;p=1091"},"modified":"2023-11-30T08:35:46","modified_gmt":"2023-11-30T08:35:46","slug":"naturaalsest-siidist-padjapuur-tumehall","status":"publish","type":"product","link":"https:\/\/silkluxury.ee\/en\/toode\/naturaalsest-siidist-padjapuur-tumehall\/","title":{"rendered":"Naturaalsest siidist padjap\u00fc\u00fcr \u2013 Tumehall"},"content":{"rendered":"<p>Naturaalsest siidist padjap\u00fc\u00fcr viib su ilurituaalid uuele tasemele. Ei padjan\u00e4ole \/ Ei kortsudele \/ Ei sassis ja katkenud juustele. Lisaks on naturaalsest siidist padjap\u00fc\u00fcr antiallergiline ja sobib eriti h\u00e4sti tundliku nahaga inimestele ja beebidele. Padjap\u00fc\u00fcr on m\u00f5\u00f5dus 50x60cm , peidetud lukuga ja v\u00e4rvus on tumehall. Padjap\u00fc\u00fcr on pakitud kinkekarpi.<\/p>\n<p>Palume p\u00f6\u00f6rata t\u00e4helepanu sellele, et piltidel olevad toonid v\u00f5ivad erineda reaalsetest toonidest tulenevalt ekraanide erinevusest. Samuti v\u00f5ib olla kergeid toonierinevusi erineva partii kangastel.<\/p>\n","protected":false},"excerpt":{"rendered":"<p>100% Mulberry Silk \u2013 Iluune padjap\u00fc\u00fcr<\/p>\n","protected":false},"featured_media":1073,"template":"","meta":{"_acf_changed":false,"rank_math_lock_modified_date":false,"inline_featured_image":false},"product_cat":[38],"product_tag":[37],"class_list":{"0":"post-1091","1":"product","2":"type-product","3":"status-publish","4":"has-post-thumbnail","6":"product_cat-padjapuurid-en","7":"product_tag-naturaalsest-siidist-padjapuur-en","9":"first","10":"outofstock","11":"shipping-taxable","12":"purchasable","13":"product-type-variable"},"acf":[],"_links":{"self":[{"href":"https:\/\/silkluxury.ee\/en\/wp-json\/wp\/v2\/product\/1091","targetHints":{"allow":["GET"]}}],"collection":[{"href":"https:\/\/silkluxury.ee\/en\/wp-json\/wp\/v2\/product"}],"about":[{"href":"https:\/\/silkluxury.ee\/en\/wp-json\/wp\/v2\/types\/product"}],"wp:featuredmedia":[{"embeddable":true,"href":"https:\/\/silkluxury.ee\/en\/wp-json\/wp\/v2\/media\/1073"}],"wp:attachment":[{"href":"https:\/\/silkluxury.ee\/en\/wp-json\/wp\/v2\/media?parent=1091"}],"wp:term":[{"taxonomy":"product_cat","embeddable":true,"href":"https:\/\/silkluxury.ee\/en\/wp-json\/wp\/v2\/product_cat?post=1091"},{"taxonomy":"product_tag","embeddable":true,"href":"https:\/\/silkluxury.ee\/en\/wp-json\/wp\/v2\/product_tag?post=1091"}],"curies":[{"name":"wp","href":"https:\/\/api.w.org\/{rel}","templated":true}]}}