{"id":1024,"date":"2023-09-07T12:06:27","date_gmt":"2023-09-07T12:06:27","guid":{"rendered":"https:\/\/silkluxury.ee\/?post_type=product&#038;p=1024"},"modified":"2023-09-07T12:07:13","modified_gmt":"2023-09-07T12:07:13","slug":"test-toode-naturaalsest-siidist-tekikott","status":"publish","type":"product","link":"https:\/\/silkluxury.ee\/en\/toode\/test-toode-naturaalsest-siidist-tekikott\/","title":{"rendered":"Test toode Naturaalsest siidist tekikott"},"content":{"rendered":"<p>Naturaalsest siidist voodipesu on t\u00f5eliselt luksuslik. 100% Mulberry silk 22mm on v\u00e4ga vastupidav ja kvaliteetne materjal, mis on nahas\u00f5bralik ja eriti hea tundliku nahaga inimestele.<\/p>\n<p>Tekikott 150x200cm<\/p>\n","protected":false},"excerpt":{"rendered":"<p>100% Mulberry Silk paksus 22mm<\/p>\n","protected":false},"featured_media":408,"template":"","meta":{"_acf_changed":false,"rank_math_lock_modified_date":false,"inline_featured_image":false},"product_cat":[89],"product_tag":[37,44],"class_list":{"0":"post-1024","1":"product","2":"type-product","3":"status-publish","4":"has-post-thumbnail","6":"product_cat-leiunurk-en","7":"product_tag-naturaalsest-siidist-padjapuur-en","8":"product_tag-naturaalsest-siidist-voodipesu-komplekt-en","10":"first","11":"outofstock","12":"shipping-taxable","13":"purchasable","14":"product-type-simple"},"acf":[],"_links":{"self":[{"href":"https:\/\/silkluxury.ee\/en\/wp-json\/wp\/v2\/product\/1024","targetHints":{"allow":["GET"]}}],"collection":[{"href":"https:\/\/silkluxury.ee\/en\/wp-json\/wp\/v2\/product"}],"about":[{"href":"https:\/\/silkluxury.ee\/en\/wp-json\/wp\/v2\/types\/product"}],"wp:featuredmedia":[{"embeddable":true,"href":"https:\/\/silkluxury.ee\/en\/wp-json\/wp\/v2\/media\/408"}],"wp:attachment":[{"href":"https:\/\/silkluxury.ee\/en\/wp-json\/wp\/v2\/media?parent=1024"}],"wp:term":[{"taxonomy":"product_cat","embeddable":true,"href":"https:\/\/silkluxury.ee\/en\/wp-json\/wp\/v2\/product_cat?post=1024"},{"taxonomy":"product_tag","embeddable":true,"href":"https:\/\/silkluxury.ee\/en\/wp-json\/wp\/v2\/product_tag?post=1024"}],"curies":[{"name":"wp","href":"https:\/\/api.w.org\/{rel}","templated":true}]}}