{"id":708,"date":"2022-11-24T09:04:44","date_gmt":"2022-11-24T09:04:44","guid":{"rendered":"https:\/\/silkluxury.ee\/?page_id=708"},"modified":"2022-11-24T09:09:08","modified_gmt":"2022-11-24T09:09:08","slug":"privacy-policy","status":"publish","type":"page","link":"https:\/\/silkluxury.ee\/en\/privacy-policy\/","title":{"rendered":"Privacy policy"},"content":{"rendered":"<h2 class=\"wp-el wp-block-heading\">What we collect and save<\/h2><p class=\"wp-el\">If you visit our website, we collect the following data:<\/p><ul class=\"wp-el wp-block-list\"><li>Tooted, mida olete vaadanud: kasutame seda infot n\u00e4iteks hiljuti vaadatud toodete kuvamiseks.<\/li>\n\n<li>Asukoht, IP aadress ja veebilehitseja: kasutame seda infot maksu ja transpordiinfoks ning veebilehe paremaks arendamiseks.<\/li>\n\n<li>Aadress:kasutame infot vaid kauba saatmiseks.<\/li><\/ul><p class=\"wp-el\">Veebileht kasutab k\u00fcpsiseid, eelk\u00f5ige ostukorvi sisu s\u00e4ilitamiseks.<\/p><p class=\"wp-el\">Ostu sooritamisel k\u00fcsime personaalinfot, nagu n\u00e4iteks nimi, aadress, telefoninumber ja e-posti aadress. Seda infot kasutama tellimuse k\u00e4itlemiseks. Infot ei kasutata ilma Teie loata turundustegevuseks, ega edastata kolmandatele osapooltele.<\/p><ul class=\"wp-el wp-block-list\"><li>Saadame Teile infot tellimuse kohta<\/li>\n\n<li>Vastame Teie p\u00e4ringutele<\/li>\n\n<li>Teostame makseid<\/li>\n\n<li>Kasutaja konto loomiseks<\/li>\n\n<li>Turundusinfo saatmiseks, vaid Teie soovil ja loal<\/li><\/ul><p class=\"wp-el\">If you create an account, we will store your name, address, email and phone number, which will be used to populate the checkout for future orders.<\/p><p class=\"wp-el\">We generally store information about you for as long as we need the information for the purposes for which we collect and use it, and we are not legally required to continue to keep it. For example, we will store order information for XXX years for tax and accounting purposes. This includes your name, email address and billing and shipping addresses.<\/p><p class=\"wp-el\">We will also store comments or reviews, if you choose to leave them.<\/p><h2 class=\"wp-el wp-block-heading\">Kellel meie meeskonnas on ligip\u00e4\u00e4s<\/h2><p class=\"wp-el\">Meie meeskonna liikmed p\u00e4\u00e4sevad ligi personaalinfole:<\/p><ul class=\"wp-el wp-block-list\"><li>Tellimusinfole, mis tooteid on tellitud, millal ja millisele aadressile.<\/li>\n\n<li>Kliendiinfole, n\u00e4iteks nimi, e-posti aadress, arve ja tarneaadressid.<\/li><\/ul><p class=\"wp-el\">Infot kasutatakse tellimuste t\u00e4itmiseks ja kasutajatoe pakkumiseks.<\/p><h3 class=\"wp-el wp-block-heading\">Maksed<\/h3><p class=\"wp-el\">Makseid teostame Montonio v\u00f5i Teie personaalse panga vahendusel. Makse vahendaja saab info tellimuse numbri ja summa kohta.<\/p>","protected":false},"excerpt":{"rendered":"<p>What we collect and save If you visit our website, we collect the following data: Veebileht kasutab k\u00fcpsiseid, eelk\u00f5ige ostukorvi&#8230;<\/p>\n","protected":false},"author":1,"featured_media":0,"parent":0,"menu_order":0,"comment_status":"closed","ping_status":"closed","template":"","meta":{"_acf_changed":false,"rank_math_lock_modified_date":false,"inline_featured_image":false,"footnotes":""},"class_list":["post-708","page","type-page","status-publish","hentry"],"acf":[],"_links":{"self":[{"href":"https:\/\/silkluxury.ee\/en\/wp-json\/wp\/v2\/pages\/708","targetHints":{"allow":["GET"]}}],"collection":[{"href":"https:\/\/silkluxury.ee\/en\/wp-json\/wp\/v2\/pages"}],"about":[{"href":"https:\/\/silkluxury.ee\/en\/wp-json\/wp\/v2\/types\/page"}],"author":[{"embeddable":true,"href":"https:\/\/silkluxury.ee\/en\/wp-json\/wp\/v2\/users\/1"}],"replies":[{"embeddable":true,"href":"https:\/\/silkluxury.ee\/en\/wp-json\/wp\/v2\/comments?post=708"}],"version-history":[{"count":1,"href":"https:\/\/silkluxury.ee\/en\/wp-json\/wp\/v2\/pages\/708\/revisions"}],"predecessor-version":[{"id":709,"href":"https:\/\/silkluxury.ee\/en\/wp-json\/wp\/v2\/pages\/708\/revisions\/709"}],"wp:attachment":[{"href":"https:\/\/silkluxury.ee\/en\/wp-json\/wp\/v2\/media?parent=708"}],"curies":[{"name":"wp","href":"https:\/\/api.w.org\/{rel}","templated":true}]}}